{"id":86,"date":"2015-07-13T01:22:58","date_gmt":"2015-07-13T01:22:58","guid":{"rendered":"http:\/\/censoredbysefi.org\/?page_id=86"},"modified":"2015-07-14T02:23:08","modified_gmt":"2015-07-14T02:23:08","slug":"mesures-a-prendre-membres-sefi","status":"publish","type":"page","link":"http:\/\/censoredbysefi.org\/index.php\/mesures-a-prendre-membres-sefi\/","title":{"rendered":"Mesures \u00e0 prendre \u2013 Membres SEFI"},"content":{"rendered":"<p><strong>La SEFI compte des institutions membres dans le monde entier.<\/strong><\/p>\n<p>Il conviendrait de contacter les membres institutionnels, <a href=\"http:\/\/www.sefi.be\/?page_id=44\">www.sefi.be<\/a> afin de les informer de la question de la censure lors du congr\u00e8s 2015. Vraisemblablement, beaucoup des doyens des \u00e9coles et les administrations ne sont pas au courant de cette question.<\/p>\n<p>Il serait utile de leur faire parvenir un r\u00e9sum\u00e9 des actes dont s\u2019est rendue responsable la SEFI et de leur demander d\u2019y r\u00e9agir.<\/p>\n<hr \/>\n<h2>Exemple de lettre :<\/h2>\n<p>Madame, Monsieur,<\/p>\n<p>Ayant appris que vous \u00eates un membre institutionnel de la SEFI ( Soci\u00e9t\u00e9 europ\u00e9enne pour la formation des ing\u00e9nieurs), je souhaite attirer votre attention sur un manquement \u00e9thique survenu dans cette soci\u00e9t\u00e9, et vous demander de bien vouloir nous aider \u00e0 le r\u00e9soudre.<\/p>\n<p>Le congr\u00e8s SEFI d\u2019Orl\u00e9ans (du 29 juin au 2 juillet 2015 ) a accept\u00e9 un texte sur un manquement \u00e0 l\u2019\u00e9thique et sur les risques aff\u00e9rents pour la profession d\u2019ing\u00e9nieur. Ce texte \u00e9tudiait des erreurs dans un processus d\u2019examen par des pairs en rapport \u00e0 un important probl\u00e8me d\u2019ing\u00e9nierie. Ce texte a \u00e9t\u00e9 revu par des pairs et a pass\u00e9 l\u2019examen technique. Quelques jours avant le d\u00e9but du congr\u00e8s ses auteurs sont arriv\u00e9s en France, mais pour s\u2019apercevoir que le texte avait \u00e9t\u00e9 retir\u00e9 sans justification. Et lorsqu\u2019ils en ont demand\u00e9 l\u2019explication, ils ont \u00e9t\u00e9 exclus du congr\u00e8s.<\/p>\n<p>Une description de l\u2019\u00e9v\u00e9nement, y compris le texte et l\u2019ensemble de la correspondance \u00e9chang\u00e9e, peuvent \u00eatre consult\u00e9s \u00e0 http:\/\/censoredbysefi.org\/. La censure d\u2019un d\u00e9bat sur des d\u00e9faillances \u00e9thiques n\u2019est pas dans l\u2019int\u00e9r\u00eat de la profession d\u2019ing\u00e9nieur. Je suis en accord avec les solutions requises par les auteurs du texte.<\/p>\n<p>Serait-il possible, a minima, que votre institution demande \u00e0 la SEFI une d\u00e9claration publique expliquant les raisons sp\u00e9cifiques de leur d\u00e9cision d\u2019exclure ce texte du congr\u00e8s. Aucune raison n\u2019a \u00e9t\u00e9 encore donn\u00e9e.<\/p>\n<p>Je vous remercie pour votre attention, et reste dans l\u2019attente de conna\u00eetre la r\u00e9ponse que la SEFI vous aura faite et dont vous voudrez bien nous faire part.<\/p>\n<hr \/>\n<h2><strong>Membres institutionnels<\/strong><\/h2>\n<p>Les membres institutionnels sont des institutions \u00e9ducatives et autres \u00e9tablissements de formation. L\u2019institution est soumise aux exigences des arr\u00eat\u00e9s l\u00e9gislatifs.<\/p>\n<p>&nbsp;<\/p>\n<p><strong>Australie<\/strong><\/p>\n<ul>\n<li><a href=\"http:\/\/www.cqu.edu.au\/\">Central Queensland University<\/a><\/li>\n<\/ul>\n<p><strong>Belgique<\/strong><\/p>\n<ul>\n<li><a href=\"http:\/\/portail.umons.ac.be\/en2\/universite\/facultes\/fpms\/pages\/default.aspx\">Facult\u00e9 Polytechnique de Mons<\/a><\/li>\n<li><a href=\"http:\/\/www.isib.be\">ISIB, Haute Ecole Paul-Henri SPAAK<\/a><\/li>\n<li><a href=\"http:\/\/www.kuleuven.be\/english\">KU Leuven<\/a><\/li>\n<li><a href=\"http:\/\/www.heldb.be\">La Haute Ecole Lucia de Brouck\u00e8re<\/a><\/li>\n<li><a href=\"http:\/\/www.uclouvain.be\/en-index.html\">Universit\u00e9 Catholique de Louvain<\/a><\/li>\n<\/ul>\n<p><strong>Croatie<\/strong><\/p>\n<ul>\n<li><a href=\"http:\/\/www.unizg.hr\/homepage\/\">University of Zagreb<\/a><\/li>\n<\/ul>\n<p><strong>R\u00e9publique tch\u00e8que<\/strong><\/p>\n<ul>\n<li><a href=\"http:\/\/www.cvut.cz\/?set_language=en\">Czech Technical University in Prague<\/a><\/li>\n<\/ul>\n<p><strong>Danemark<\/strong><\/p>\n<ul>\n<li><a href=\"http:\/\/en.aau.dk\/\">Aalborg University<\/a><\/li>\n<li><a href=\"http:\/\/www.iha.dk\/English-5570.aspx\">Aarhus University School of Engineering<\/a><\/li>\n<li><a href=\"http:\/\/www.dtu.dk\/English.aspx\">Technical University of Denmark<\/a><\/li>\n<li><a href=\"http:\/\/www.sdu.dk\/?sc_lang=en\">University of Southern Denmark<\/a><\/li>\n<li><a href=\"http:\/\/www.viauc.com\/Pages\/via-university-college.aspx\">VIA University College<\/a><\/li>\n<\/ul>\n<p><strong>Estonie<\/strong><\/p>\n<ul>\n<li><a href=\"http:\/\/www.ttu.ee\/?lang=en\">Tallinn University of Technology<\/a><\/li>\n<\/ul>\n<p><strong>Finlande<\/strong><\/p>\n<ul>\n<li><a href=\"http:\/\/www.aalto.fi\/en\/\">Aalto University<\/a><\/li>\n<li><a href=\"http:\/\/www.arcada.fi\/en\">ARCADA<\/a><\/li>\n<li><a href=\"http:\/\/www.metropolia.fi\/en\/\">Helsinki Metropolia University of Applied Sciences<\/a><\/li>\n<li><a href=\"http:\/\/www.jamk.fi\/\">Jyv\u00e4skyl\u00e4 University of Applied Sciences<\/a><\/li>\n<li><a href=\"http:\/\/www.lut.fi\/en\/\">Lappeenranta University of Technology<\/a><\/li>\n<li><a href=\"http:\/\/www.novia.fi\/english\/\">Novia University of Applied Sciences<\/a><\/li>\n<li><a href=\"http:\/\/www.samk.fi\/english\/\">Satakunta University of Applied Sciences<\/a><\/li>\n<li><a href=\"http:\/\/www.savonia-amk.fi\/eng\/\">Savonia University of Applied Sciences<\/a><\/li>\n<li><a href=\"http:\/\/www.tut.fi\/en\/\">Tampere University of Technology<\/a><\/li>\n<\/ul>\n<p><strong>France<\/strong><\/p>\n<ul>\n<li><a href=\"http:\/\/www.ec-nantes.fr\/version-anglaise\/\">Ecole Centrale de Nantes<\/a><\/li>\n<li><a href=\"http:\/\/www.eicesi.fr\/\">Ecole d\u2019Ing\u00e9nieurs du CESI<\/a><\/li>\n<li><a href=\"http:\/\/www.mines-paristech.eu\/\">Ecole des Mines de Paris<\/a><\/li>\n<li><a href=\"http:\/\/engees.unistra.fr\/site\/index.php?id=322\">Ecole Nat. du G\u00e9nie de l\u2019eau et de l\u2019environnement de Strasbourg<\/a><\/li>\n<li><a href=\"http:\/\/www.enim.fr\/portalenim\/\">Ecole Nationale d\u2019Ingenieurs de Metz<\/a><\/li>\n<li><a href=\"http:\/\/www.enscm.fr\/en\">Ecole Nationale Sup. de Chimie de Montpellier<\/a><\/li>\n<li><a href=\"http:\/\/www.ensta-bretagne.eu\/\">Ecole Nationale Sup\u00e9rieur de Techniques Avanc\u00e9es \u2013 Bretagne (ENSTA)<\/a><\/li>\n<li><a href=\"http:\/\/www.ensc-rennes.fr\/english\/\">Ecole Nationale Sup\u00e9rieure de Chimie de Rennes<\/a><\/li>\n<li><a href=\"http:\/\/www.ensam.fr\/en\/centres_et_instituts\/centre_paris\">Ecole Nationale Sup\u00e9rieure des Arts et M\u00e9tiers<\/a><\/li>\n<li><a href=\"http:\/\/www.ensiacet.fr\/Web_A7\/ENSIA7_UK\/uk.shtml\">Ecole Nationale Sup\u00e9rieure des Ing\u00e9nieurs en Arts Chimiques et Technologiques (ENSIACET)<\/a><\/li>\n<li><a href=\"http:\/\/www.mines-stetienne.fr\/en\">Ecole Nationale Superieure des Mines de Saint-Etienne<\/a><\/li>\n<li><a href=\"http:\/\/www.univ-orleans.fr\/\">Ecole Polytechnique de l\u2019Universit\u00e9 d\u2019Orl\u00e9ans<\/a><\/li>\n<li><a href=\"http:\/\/web.polytech.univ-nantes.fr\/76349314\/1\/fiche___pagelibre\/&amp;RH=1194433172793&amp;RF=POLYTECH_EN1\">Ecole Polytechnique de l\u2019Universit\u00e9 de Nantes<\/a><\/li>\n<li><a href=\"http:\/\/www.supelec.fr\/374_p_14603\/welcome.html\">Ecole Sup\u00e9rieure d\u2019Electricit\u00e9<\/a><\/li>\n<li><a href=\"http:\/\/www.devinci.fr\/esilv\/\">Ecole Sup\u00e9rieure d\u2019Ing\u00e9nieurs L\u00e9onard de Vinci<\/a><\/li>\n<li><a href=\"http:\/\/www.icam.fr\/en\/index.html\">Institut Catholique des Arts et M\u00e9tiers<\/a><\/li>\n<li><a href=\"http:\/\/www.ifma.fr\/\">Institut Fran\u00e7ais de M\u00e9canique Avanc\u00e9e<\/a><\/li>\n<li><a href=\"http:\/\/www.ifpenergiesnouvelles.com\/\">Institut Fran\u00e7ais du P\u00e9trole<\/a><\/li>\n<li><a href=\"http:\/\/www.supmeca.fr\">Institut Sup\u00e9rieur de M\u00e9canique de Paris \u2013 SUPMECA<\/a><\/li>\n<li><a href=\"http:\/\/www.univ-bpclermont.fr\/rubrique10.html\">Universit\u00e9 Blaise Pascal<\/a><\/li>\n<\/ul>\n<p><strong>Allemagne<\/strong><\/p>\n<ul>\n<li><a href=\"http:\/\/www.tu-braunschweig.de\/\">Braunschweig University of Technology<\/a><\/li>\n<li><a href=\"http:\/\/www1.fh-koeln.de\/zaqww\">Cologne University of Applied Sciences<\/a><\/li>\n<li><a href=\"http:\/\/www.rwth-aachen.de\/cms\/main\/%7Ea\/root\/?old=%E1%AC%91&amp;lidx=1\">RWTH Aachen University<\/a><\/li>\n<li><a href=\"http:\/\/www.tu-berlin.de\/menue\/home\/parameter\/en\/\">TU Berlin<\/a><\/li>\n<li><a href=\"http:\/\/www.english.hs-mannheim.de\/\">University of Applied Sciences Mannheim<\/a><\/li>\n<li><a href=\"http:\/\/www.uni-erlangen.org\/\">University of Erlangen N\u00fcrnberg<\/a><\/li>\n<\/ul>\n<p><strong>Gr\u00e8ce<\/strong><\/p>\n<ul>\n<li><a href=\"http:\/\/www.auth.gr\/en\">Aristotle University of Thessaloniki<\/a><\/li>\n<li><a href=\"http:\/\/www.ntua.gr\/en_index.htm\">National Technical University of Athens<\/a><\/li>\n<li><a href=\"http:\/\/www.upatras.gr\/index\/index\/lang\/en\">University of Patras<\/a><\/li>\n<\/ul>\n<p><strong>Hongrie<\/strong><\/p>\n<ul>\n<li><a href=\"http:\/\/www.bme.hu\/?language=en\">Budapest University of Technology and Economics<\/a><\/li>\n<li><a href=\"http:\/\/www.uni-obuda.hu\/en\">Obuda University <\/a><\/li>\n<li><a href=\"http:\/\/www.uni-miskolc.hu\/public\/index.php?page_id=627\">University of Miskolc<\/a><\/li>\n<\/ul>\n<p><strong>Irlande<\/strong><\/p>\n<ul>\n<li><a href=\"http:\/\/www.dit.ie\/DIT\/Homepage\/index.html\">Dublin Institute of Technology<\/a><\/li>\n<li><a href=\"http:\/\/www.gmit.ie\/\">Galway-Mayo Institute of Technology<\/a><\/li>\n<li><a href=\"http:\/\/www.ul.ie\/\">University of Limerick<\/a><\/li>\n<li><a href=\"http:\/\/www.wit.ie\/\">Waterford Institute of Technology<\/a><\/li>\n<\/ul>\n<p><strong>Italie<\/strong><\/p>\n<ul>\n<li><a href=\"http:\/\/www.polimi.it\/english\/\">Politecnico di Milano<\/a><\/li>\n<li><a href=\"http:\/\/www.polito.it\/index.en.php\">Politecnico di Torino<\/a><\/li>\n<li><a href=\"http:\/\/www.liuc.it\/defaultENG.asp\">Universit\u00e0 Carlo Cattaneo \u2013 LIUC<\/a><\/li>\n<li><a href=\"http:\/\/www.unifi.it\/CMpro-v-p-2312.html\">Universit\u00e0 degli studi di Firenze<\/a><\/li>\n<li><a href=\"http:\/\/www.uniroma1.it\/default_e.php\">Universit\u00e0 di Roma \u201cLa Sapienza\u201d<\/a><\/li>\n<\/ul>\n<p><strong>Kazakhstan<\/strong><\/p>\n<ul>\n<li><a href=\"http:\/\/www.kaznu.kz\/en\/\">Al-Farabi Kazakh National University<\/a><\/li>\n<\/ul>\n<p><strong>Lettonie<\/strong><\/p>\n<ul>\n<li><a href=\"http:\/\/www.rtu.lv\">Riga Technical University<\/a><\/li>\n<\/ul>\n<p><strong>Lituanie<\/strong><\/p>\n<ul>\n<li><a href=\"http:\/\/en.ktu.lt\/\">Kaunas University of Technology<\/a><\/li>\n<li><a href=\"http:\/\/www.vgtu.lt\/en\/\">Vilnius Gediminas Technical University<\/a><\/li>\n<\/ul>\n<p><strong>Mac\u00e9doine<\/strong><\/p>\n<ul>\n<li><a href=\"http:\/\/www.mf.edu.mk\/en\/\">University \u201cSts. Cyril and Methodius\u201d<\/a><\/li>\n<\/ul>\n<p><strong>Pays-Bas<\/strong><\/p>\n<ul>\n<li><a href=\"http:\/\/www.international.hva.nl\/\">Amsterdam School of Technology<\/a><\/li>\n<li><a href=\"http:\/\/www.tudelft.nl\/en\/\">Delft University of Technology<\/a><\/li>\n<li><a href=\"http:\/\/fontys.edu\/\">Fontys Hoegenscholen<\/a><\/li>\n<li><a href=\"http:\/\/w3.tue.nl\/en\/\">Technische Universiteit Eindhoven<\/a><\/li>\n<li><a href=\"http:\/\/www.unesco-ihe.org\">UNESCO-IHE Institute for Water Education<\/a><\/li>\n<li><a href=\"http:\/\/www.universiteittwente.nl\/en\">Universiteit Twente<\/a><\/li>\n<\/ul>\n<p><strong>Nig\u00e9ria<\/strong><\/p>\n<ul>\n<li><a href=\"http:\/\/www.laspotech.net\/\">Lagos State Polytechnic<\/a><\/li>\n<\/ul>\n<p><strong>Norv\u00e8ge<\/strong><\/p>\n<ul>\n<li><a href=\"http:\/\/www.ntnu.no\/english\">Norwegian University of Science &amp; Technology<\/a><\/li>\n<\/ul>\n<p><strong>Pologne<\/strong><\/p>\n<ul>\n<li><a href=\"http:\/\/www.agh.edu.pl\/en\">AGH University of Science and Technology<\/a><\/li>\n<li><a href=\"http:\/\/www.pg.gda.pl\/en\/\">Gdansk University of Technology<\/a><\/li>\n<li><a href=\"http:\/\/www.tu.kielce.pl\/en\/\">Kielce University of Technology<\/a><\/li>\n<li><a href=\"http:\/\/www.p.lodz.pl\/en\/index.htm\">Politechnika Lodzka<\/a><\/li>\n<li><a href=\"http:\/\/www.put.poznan.pl\/\">Poznan University of Technology<\/a><\/li>\n<li><a href=\"http:\/\/www.polsl.pl\/en\/Strony\/0_welcome.aspx\">Silesian University of Technology<\/a><\/li>\n<li><a href=\"http:\/\/www.wit.edu.pl\/\">University of Information Technology and Management \u2013 WSISiZ<\/a><\/li>\n<li><a href=\"http:\/\/www.wsizia.edu.pl\/\">Warsaw Academy of Computer Science, Management and Administration \u2013 WSIZiA<\/a><\/li>\n<li><a href=\"http:\/\/www.pw.edu.pl\/engpw\">Warsaw University of Technology<\/a><\/li>\n<\/ul>\n<p><strong>Portugal<\/strong><\/p>\n<ul>\n<li><a href=\"http:\/\/www.eng.uminho.pt\/Default.aspx?lang=en-US\">Escola de Engenharia da Universidade do Minho<\/a><\/li>\n<li><a href=\"https:\/\/www.isel.pt\/\">Instituto Superior de Engenharia de Lisboa<\/a><\/li>\n<li><a href=\"http:\/\/www.isep.ipp.pt\/\">Instituto Superior de Engenharia do Porto<\/a><\/li>\n<li><a href=\"http:\/\/www.ips.pt\/ips_si_uk\/web_base.gera_pagina?p_pagina=25207\">Polytechnic Institute of Set\u00fabal <\/a><\/li>\n<li><a href=\"http:\/\/www.ua.pt\/\">Universidade de Aveiro<\/a><\/li>\n<li><a href=\"http:\/\/sigarra.up.pt\/up_uk\/WEB_PAGE.INICIAL\">Universidade do Porto<\/a><\/li>\n<li><a href=\"http:\/\/www.ulusofona.pt\/\">Universidade Lusofona de Humanidades e tecnologias ULHT<\/a><\/li>\n<\/ul>\n<p><strong>Romanie<\/strong><\/p>\n<ul>\n<li><a href=\"http:\/\/www.turism.sibiu.ro\/index_en.php\">Lucian Blaga University of Sibiu<\/a><\/li>\n<li><a href=\"http:\/\/www.upb.ro\/en\/\">Polytechnic University of Bucharest<\/a><\/li>\n<li><a href=\"http:\/\/www.utcb.ro\/utcb\/index_en.html\">Technical University of Civil Engineering<\/a><\/li>\n<li><a href=\"http:\/\/www.utcluj.ro\/english\/index.php\">Technical University of Cluj-Napoca<\/a><\/li>\n<\/ul>\n<p><strong>Russie<\/strong><\/p>\n<ul>\n<li><a href=\"http:\/\/ksuae.kgasu.ru\/\">Kazan State University of Architecture and Engineering<\/a><\/li>\n<li><a href=\"http:\/\/www.eltech.ru\/english\/index.htm\">St Petersburg Electrotechnical University<\/a><\/li>\n<li><a href=\"http:\/\/www.tpu.ru\/eng\">Tomsk Polytechnic University<\/a><\/li>\n<\/ul>\n<p><strong>R\u00e9publique slovaque<\/strong><\/p>\n<ul>\n<li><a href=\"http:\/\/www.stuba.sk\/new\/generate_page.php?page_id=132\">Slovak University of Technology in Bratislava<\/a><\/li>\n<\/ul>\n<p><strong>Espagne<\/strong><\/p>\n<ul>\n<li><a href=\"http:\/\/www.uab.es\/english\/\">Escola Tecnica Superior d\u2019Enginyeria (ETSE)- Universitat Autonoma de Barcelona (UAB)<\/a><\/li>\n<li><a href=\"http:\/\/www.euss.cat\/web\/portal\/en\/home.htm\">Escola Universit\u00e0ria Salesiana de Sarri\u00e0<\/a><\/li>\n<li><a href=\"http:\/\/www.etsii.upv.es\/index-en.php\">Escuela Tecnica Superior de Ingenieros Industriales<\/a><\/li>\n<li><a href=\"http:\/\/www.mondragon.edu\/phs\/view?set_language=en\">Mondragon goi eskola politeknikoa (MGEP)<\/a><\/li>\n<li><a href=\"http:\/\/www.uc3m.es\">Universidad Carlos III<\/a><\/li>\n<li><a href=\"http:\/\/www.upm.es\/portal\/site\/internacional\/\">Universidad Polit\u00e9cnica de Madrid<\/a><\/li>\n<li><a href=\"http:\/\/www.upcomillas.es\/eng\/default.aspx?IdIdioma=ENG\">Universidad Pontificia Comillas<\/a><\/li>\n<li><a href=\"http:\/\/www.uvic.es\/\">Universitat de Vic<\/a><\/li>\n<li><a href=\"http:\/\/www.ice.upc.edu\/\">Universitat Polit\u00e8cnica de Catalunya, ICE-UPC<\/a><\/li>\n<li><a href=\"http:\/\/www.upv.es\/\">Universitat Polit\u00e8cnica de Val\u00e8ncia<\/a><\/li>\n<li><a href=\"http:\/\/www.uca.es\/en\/\">University of C\u00e1diz<\/a><\/li>\n<\/ul>\n<p><strong>Su\u00e8de<\/strong><\/p>\n<ul>\n<li><a href=\"http:\/\/www.bth.se\/eng\">Blekinge Institute of Technology<\/a><\/li>\n<li><a href=\"http:\/\/www.chalmers.se\/en\/\">Chalmers University of Technology<\/a><\/li>\n<li><a href=\"http:\/\/www.du.se\/en\">Dalarna University<\/a><\/li>\n<li><a href=\"http:\/\/www.hh.se\/english.5_en.html\">Halmstad University<\/a><\/li>\n<li><a href=\"https:\/\/www.kth.se\/\">KTH Royal Institute of Technology<\/a><\/li>\n<li><a href=\"http:\/\/www.liu.se\/?l=en\">Link\u00f6ping University<\/a><\/li>\n<li><a href=\"http:\/\/www.ltu.se\/?l=en\">Lulea University of Technology<\/a><\/li>\n<li><a href=\"http:\/\/www.lth.se\/english\">Lund University<\/a><\/li>\n<li><a href=\"http:\/\/www.umu.se\/umu\/index_eng.html\">Umea University<\/a><\/li>\n<li><a href=\"http:\/\/www.uu.se\/en\/\">Uppsala Universitet<\/a><\/li>\n<\/ul>\n<p><strong>Suisse<\/strong><\/p>\n<ul>\n<li><a href=\"http:\/\/www.ntb.ch\/\">Buchs Interstate University of Applied Science<\/a><\/li>\n<li><a href=\"http:\/\/www.epfl.ch\/index.en.html\">Ecole Polytechnique F\u00e9d\u00e9rale de Lausanne<\/a><\/li>\n<li><a href=\"http:\/\/www.ethz.ch\/index_EN\">ETH Zurich<\/a><\/li>\n<li><a href=\"http:\/\/www.fhnw.ch\/homepage?set_language=en\">Fachhochschule Nordwestschweiz<\/a><\/li>\n<li><a href=\"http:\/\/www.supsi.ch\/home_en.html\">University of Applied Sciences of Southern Switzerland (Scuola Universitaria Professionale della Svizzera Italiana)<\/a><\/li>\n<li><a href=\"http:\/\/www.zhaw.ch\/\">Zurich University of Applied Sciences<\/a><\/li>\n<\/ul>\n<p><strong>Turquie<\/strong><\/p>\n<ul>\n<li><a href=\"http:\/\/www.anadolu.edu.tr\/en\">Anadolu University<\/a><\/li>\n<li><a href=\"http:\/\/www.boun.edu.tr\/index_eng.html\">Bogazici University<\/a><\/li>\n<li><a href=\"http:\/\/www.itu.edu.tr\/en\/\">Istanbul Technical University<\/a><\/li>\n<li><a href=\"http:\/\/www.metu.edu.tr\/\">Middle East Technical University<\/a><\/li>\n<\/ul>\n<p><strong>Royaume-Uni<\/strong><\/p>\n<ul>\n<li><a href=\"http:\/\/www.lboro.ac.uk\/\">Loughborough University of Technology<\/a><\/li>\n<li><a href=\"http:\/\/www.engineering.ucl.ac.uk\">University College London<\/a><\/li>\n<li><a href=\"http:\/\/www.birmingham.ac.uk\">University of Birmingham<\/a><\/li>\n<li><a href=\"http:\/\/www.coventry.ac.uk\/\">University of Coventry<\/a><\/li>\n<li><a href=\"http:\/\/www.gre.ac.uk\/study\/medway\">University of Greenwich at Medway<\/a><\/li>\n<\/ul>\n<p>&nbsp;<\/p>\n<p>&nbsp;<\/p>\n<p>&nbsp;<\/p>\n","protected":false},"excerpt":{"rendered":"<p>La SEFI compte des institutions membres dans le monde entier. Il conviendrait de contacter les membres institutionnels, www.sefi.be afin de les informer de la question de la censure lors du congr\u00e8s 2015. Vraisemblablement, beaucoup des doyens des \u00e9coles et les administrations ne sont pas au courant de cette question. Il serait utile de leur faire &hellip; <a href=\"http:\/\/censoredbysefi.org\/index.php\/mesures-a-prendre-membres-sefi\/\" class=\"more-link\">Continue reading <span class=\"screen-reader-text\">Mesures \u00e0 prendre \u2013 Membres SEFI<\/span> <span class=\"meta-nav\">&rarr;<\/span><\/a><\/p>\n","protected":false},"author":1,"featured_media":0,"parent":0,"menu_order":41,"comment_status":"open","ping_status":"open","template":"","meta":{"footnotes":""},"_links":{"self":[{"href":"http:\/\/censoredbysefi.org\/index.php\/wp-json\/wp\/v2\/pages\/86"}],"collection":[{"href":"http:\/\/censoredbysefi.org\/index.php\/wp-json\/wp\/v2\/pages"}],"about":[{"href":"http:\/\/censoredbysefi.org\/index.php\/wp-json\/wp\/v2\/types\/page"}],"author":[{"embeddable":true,"href":"http:\/\/censoredbysefi.org\/index.php\/wp-json\/wp\/v2\/users\/1"}],"replies":[{"embeddable":true,"href":"http:\/\/censoredbysefi.org\/index.php\/wp-json\/wp\/v2\/comments?post=86"}],"version-history":[{"count":4,"href":"http:\/\/censoredbysefi.org\/index.php\/wp-json\/wp\/v2\/pages\/86\/revisions"}],"predecessor-version":[{"id":95,"href":"http:\/\/censoredbysefi.org\/index.php\/wp-json\/wp\/v2\/pages\/86\/revisions\/95"}],"wp:attachment":[{"href":"http:\/\/censoredbysefi.org\/index.php\/wp-json\/wp\/v2\/media?parent=86"}],"curies":[{"name":"wp","href":"https:\/\/api.w.org\/{rel}","templated":true}]}}