{"id":61,"date":"2015-07-03T05:23:08","date_gmt":"2015-07-03T05:23:08","guid":{"rendered":"http:\/\/censoredbysefi.org\/?page_id=61"},"modified":"2015-07-24T03:47:45","modified_gmt":"2015-07-24T03:47:45","slug":"sefi-members","status":"publish","type":"page","link":"http:\/\/censoredbysefi.org\/index.php\/sefi-members\/","title":{"rendered":"Take Action- SEFI Members"},"content":{"rendered":"<h2><strong>SEFI has Member Institutions Around the World<\/strong><\/h2>\n<p>It is appropriate to contact the <a href=\"http:\/\/www.sefi.be\/?page_id=44\">institutional members<\/a> and let them know about the issue of censorship at a SEFI 2015 conference. \u00a0 It is likely that the deans of engineering and the school administration many be unaware of the censorship issue.<\/p>\n<p>Sending a short note letting them know about SEFI\u2019s action and asking for a reply would be helpful:<\/p>\n<hr \/>\n<h2><strong>Sample Letter<\/strong><\/h2>\n<p>Dear Sir:<\/p>\n<p>It has come to my attention that you are an institutional member of SEFI, the European Society for Engineering Education.\u00a0 Recently there was an event where SEFI behaved very unethically and I would like to ask your help in resolving this important matter.<\/p>\n<p>A conference held in Orleans\u00a0 France, SEFI 2015 (29 June &#8211; 2 July) accepted a\u00a0 paper about ethics and the risk to the engineering profession.\u00a0 The paper discussed, as a case study, the errors in the peer-review process observed with an important engineering issue. The paper was peer reviewed and passed the technical review process.\u00a0 Just days before the conference began, the authors arrived in France to find that the paper had been withdrawn with no explanation.\u00a0 Additionally, the authors were refused entry to the conference when they asked for explanations.<\/p>\n<p>A more complete explanation of the events, including a copy of the paper and the chain of correspondence can be seen at <a href=\"http:\/\/censoredbysefi.org\/\">http:\/\/censoredbysefi.org\/<\/a>.\u00a0 Censoring discussion about ethical lapses is not in the best interests of the engineering profession.\u00a0 I agree with the requested remedies that the authors are calling for.<\/p>\n<p>At a minimum, would it be possible for your institution to ask SEFI for a public statement explaining the specific reasons for their decision to exclude this paper from the conference.\u00a0 Currently no explanation has been given.<\/p>\n<p>I thank you for your time and look forward to any response that you receive from SEFI which you would be able to share.<\/p>\n<p>Thank You<\/p>\n<hr \/>\n<div id=\"post-44\" class=\"post\">\n<h2>Institutional Members<\/h2>\n<div class=\"entry\">\n<p>Institutional members are educational institutions and other teaching establishments involved in education and training. The institution should comply with the requirements expressed in the\u00a0By-Laws.<\/p>\n<\/div>\n<\/div>\n<p><strong>Australia<\/strong><\/p>\n<ul>\n<li><a href=\"http:\/\/www.cqu.edu.au\/\" target=\"_blank\">Central Queensland University<\/a><\/li>\n<\/ul>\n<p><strong>Belgium<\/strong><\/p>\n<ul>\n<li><a href=\"http:\/\/portail.umons.ac.be\/en2\/universite\/facultes\/fpms\/pages\/default.aspx\" target=\"_blank\">Facult\u00e9 Polytechnique de Mons<\/a><\/li>\n<li><a href=\"http:\/\/www.isib.be\" target=\"_blank\">ISIB, Haute Ecole Paul-Henri SPAAK<\/a><\/li>\n<li><a href=\"http:\/\/www.kuleuven.be\/english\" target=\"_blank\">KU Leuven<\/a><\/li>\n<li><a href=\"http:\/\/www.heldb.be\" target=\"_blank\">La Haute Ecole Lucia de Brouck\u00e8re<\/a><\/li>\n<li><a href=\"http:\/\/www.uclouvain.be\/en-index.html\" target=\"_blank\">Universit\u00e9 Catholique de Louvain<\/a><\/li>\n<\/ul>\n<p><strong>Croatia<\/strong><\/p>\n<ul>\n<li><a href=\"http:\/\/www.unizg.hr\/homepage\/\" target=\"_blank\">University of Zagreb<\/a><\/li>\n<\/ul>\n<p><strong>Czech Republic<\/strong><\/p>\n<ul>\n<li><a href=\"http:\/\/www.cvut.cz\/?set_language=en\" target=\"_blank\">Czech Technical University in Prague<\/a><\/li>\n<\/ul>\n<p><strong>Denmark<\/strong><\/p>\n<ul>\n<li><a href=\"http:\/\/en.aau.dk\/\" target=\"_blank\">Aalborg University<\/a><\/li>\n<li><a href=\"http:\/\/www.iha.dk\/English-5570.aspx\" target=\"_blank\">Aarhus University School of Engineering<\/a><\/li>\n<li><a href=\"http:\/\/www.dtu.dk\/English.aspx\" target=\"_blank\">Technical University of Denmark<\/a><\/li>\n<li><a href=\"http:\/\/www.sdu.dk\/?sc_lang=en\" target=\"_blank\">University of Southern Denmark<\/a><\/li>\n<li><a href=\"http:\/\/www.viauc.com\/Pages\/via-university-college.aspx\" target=\"_blank\">VIA University College<\/a><\/li>\n<\/ul>\n<p><strong>Estonia<\/strong><\/p>\n<ul>\n<li><a href=\"http:\/\/www.ttu.ee\/?lang=en\" target=\"_blank\">Tallinn University of Technology<\/a><\/li>\n<\/ul>\n<p><strong>Finland<\/strong><\/p>\n<ul>\n<li><a href=\"http:\/\/www.aalto.fi\/en\/\" target=\"_blank\">Aalto University<\/a><\/li>\n<li><a href=\"http:\/\/www.arcada.fi\/en\" target=\"_blank\">ARCADA<\/a><\/li>\n<li><a href=\"http:\/\/www.metropolia.fi\/en\/\" target=\"_blank\">Helsinki Metropolia University of Applied Sciences<\/a><\/li>\n<li><a href=\"http:\/\/www.jamk.fi\/\" target=\"_blank\">Jyv\u00e4skyl\u00e4 University of Applied Sciences<\/a><\/li>\n<li><a href=\"http:\/\/www.lut.fi\/en\/\" target=\"_blank\">Lappeenranta University of Technology<\/a><\/li>\n<li><a href=\"http:\/\/www.novia.fi\/english\/\" target=\"_blank\">Novia University of Applied Sciences<\/a><\/li>\n<li><a href=\"http:\/\/www.samk.fi\/english\/\" target=\"_blank\">Satakunta University of Applied Sciences<\/a><\/li>\n<li><a href=\"http:\/\/www.savonia-amk.fi\/eng\/\" target=\"_blank\">Savonia University of Applied Sciences<\/a><\/li>\n<li><a href=\"http:\/\/www.tut.fi\/en\/\" target=\"_blank\">Tampere University of Technology<\/a><\/li>\n<\/ul>\n<p><strong>France<\/strong><\/p>\n<ul>\n<li><a href=\"http:\/\/www.ec-nantes.fr\/version-anglaise\/\" target=\"_blank\">Ecole Centrale de Nantes<\/a><\/li>\n<li><a href=\"http:\/\/www.eicesi.fr\/\" target=\"_blank\">Ecole d&#8217;Ing\u00e9nieurs du CESI<\/a><\/li>\n<li><a href=\"http:\/\/www.mines-paristech.eu\/\" target=\"_blank\">Ecole des Mines de Paris<\/a><\/li>\n<li><a href=\"http:\/\/engees.unistra.fr\/site\/index.php?id=322\" target=\"_blank\">Ecole Nat. du G\u00e9nie de l&#8217;eau et de l&#8217;environnement de Strasbourg<\/a><\/li>\n<li><a href=\"http:\/\/www.enim.fr\/portalenim\/\" target=\"_blank\">Ecole Nationale d&#8217;Ingenieurs de Metz<\/a><\/li>\n<li><a href=\"http:\/\/www.enscm.fr\/en\" target=\"_blank\">Ecole Nationale Sup. de Chimie de Montpellier<\/a><\/li>\n<li><a href=\"http:\/\/www.ensta-bretagne.eu\/\" target=\"_blank\">Ecole Nationale Sup\u00e9rieur de Techniques Avanc\u00e9es &#8211; Bretagne (ENSTA)<\/a><\/li>\n<li><a href=\"http:\/\/www.ensc-rennes.fr\/english\/\" target=\"_blank\">Ecole Nationale Sup\u00e9rieure de Chimie de Rennes<\/a><\/li>\n<li><a href=\"http:\/\/www.ensam.fr\/en\/centres_et_instituts\/centre_paris\" target=\"_blank\">Ecole Nationale Sup\u00e9rieure des Arts et M\u00e9tiers<\/a><\/li>\n<li><a href=\"http:\/\/www.ensiacet.fr\/Web_A7\/ENSIA7_UK\/uk.shtml\" target=\"_blank\">Ecole Nationale Sup\u00e9rieure des Ing\u00e9nieurs en Arts Chimiques et Technologiques (ENSIACET)<\/a><\/li>\n<li><a href=\"http:\/\/www.mines-stetienne.fr\/en\" target=\"_blank\">Ecole Nationale Superieure des Mines de Saint-Etienne<\/a><\/li>\n<li><a href=\"http:\/\/www.univ-orleans.fr\/\" target=\"_blank\">Ecole Polytechnique de l&#8217;Universit\u00e9 d&#8217;Orl\u00e9ans<\/a><\/li>\n<li><a href=\"http:\/\/web.polytech.univ-nantes.fr\/76349314\/1\/fiche___pagelibre\/&amp;RH=1194433172793&amp;RF=POLYTECH_EN1\" target=\"_blank\">Ecole Polytechnique de l&#8217;Universit\u00e9 de Nantes<\/a><\/li>\n<li><a href=\"http:\/\/www.supelec.fr\/374_p_14603\/welcome.html\" target=\"_blank\">Ecole Sup\u00e9rieure d&#8217;Electricit\u00e9<\/a><\/li>\n<li><a href=\"http:\/\/www.devinci.fr\/esilv\/\" target=\"_blank\">Ecole Sup\u00e9rieure d&#8217;Ing\u00e9nieurs L\u00e9onard de Vinci<\/a><\/li>\n<li><a href=\"http:\/\/www.icam.fr\/en\/index.html\" target=\"_blank\">Institut Catholique des Arts et M\u00e9tiers<\/a><\/li>\n<li><a href=\"http:\/\/www.ifma.fr\/\" target=\"_blank\">Institut Fran\u00e7ais de M\u00e9canique Avanc\u00e9e<\/a><\/li>\n<li><a href=\"http:\/\/www.ifpenergiesnouvelles.com\/\" target=\"_blank\">Institut Fran\u00e7ais du P\u00e9trole<\/a><\/li>\n<li><a href=\"http:\/\/www.supmeca.fr\" target=\"_blank\">Institut Sup\u00e9rieur de M\u00e9canique de Paris &#8211; SUPMECA<\/a><\/li>\n<li><a href=\"http:\/\/www.univ-bpclermont.fr\/rubrique10.html\" target=\"_blank\">Universit\u00e9 Blaise Pascal<\/a><\/li>\n<\/ul>\n<p><strong>Germany<\/strong><\/p>\n<ul>\n<li><a href=\"http:\/\/www.tu-braunschweig.de\/\" target=\"_blank\">Braunschweig University of Technology<\/a><\/li>\n<li><a href=\"http:\/\/www1.fh-koeln.de\/zaqww\" target=\"_blank\">Cologne University of Applied Sciences<\/a><\/li>\n<li><a href=\"http:\/\/www.rwth-aachen.de\/cms\/main\/%7Ea\/root\/?old=%E1%AC%91&amp;lidx=1\" target=\"_blank\">RWTH Aachen University<\/a><\/li>\n<li><a href=\"http:\/\/www.tu-berlin.de\/menue\/home\/parameter\/en\/\" target=\"_blank\">TU Berlin<\/a><\/li>\n<li><a href=\"http:\/\/www.english.hs-mannheim.de\/\" target=\"_blank\">University of Applied Sciences Mannheim<\/a><\/li>\n<li><a href=\"http:\/\/www.uni-erlangen.org\/\" target=\"_blank\">University of Erlangen N\u00fcrnberg<\/a><\/li>\n<\/ul>\n<p><strong>Greece<\/strong><\/p>\n<ul>\n<li><a href=\"http:\/\/www.auth.gr\/en\" target=\"_blank\">Aristotle University of Thessaloniki<\/a><\/li>\n<li><a href=\"http:\/\/www.ntua.gr\/en_index.htm\" target=\"_blank\">National Technical University of Athens<\/a><\/li>\n<li><a href=\"http:\/\/www.upatras.gr\/index\/index\/lang\/en\" target=\"_blank\">University of Patras<\/a><\/li>\n<\/ul>\n<p><strong>Hungary<\/strong><\/p>\n<ul>\n<li><a href=\"http:\/\/www.bme.hu\/?language=en\" target=\"_blank\">Budapest University of Technology and Economics<\/a><\/li>\n<li><a href=\"http:\/\/www.uni-obuda.hu\/en\" target=\"_blank\">Obuda University <\/a><\/li>\n<li><a href=\"http:\/\/www.uni-miskolc.hu\/public\/index.php?page_id=627\" target=\"_blank\">University of Miskolc<\/a><\/li>\n<\/ul>\n<p><strong>Ireland<\/strong><\/p>\n<ul>\n<li><a href=\"http:\/\/www.dit.ie\/DIT\/Homepage\/index.html\" target=\"_blank\">Dublin Institute of Technology<\/a><\/li>\n<li><a href=\"http:\/\/www.gmit.ie\/\" target=\"_blank\">Galway-Mayo Institute of Technology<\/a><\/li>\n<li><a href=\"http:\/\/www.ul.ie\/\" target=\"_blank\">University of Limerick<\/a><\/li>\n<li><a href=\"http:\/\/www.wit.ie\/\" target=\"_blank\">Waterford Institute of Technology<\/a><\/li>\n<\/ul>\n<p><strong>Italy<\/strong><\/p>\n<ul>\n<li><a href=\"http:\/\/www.polimi.it\/english\/\" target=\"_blank\">Politecnico di Milano<\/a><\/li>\n<li><a href=\"http:\/\/www.polito.it\/index.en.php\" target=\"_blank\">Politecnico di Torino<\/a><\/li>\n<li><a href=\"http:\/\/www.liuc.it\/defaultENG.asp\" target=\"_blank\">Universit\u00e0 Carlo Cattaneo &#8211; LIUC<\/a><\/li>\n<li><a href=\"http:\/\/www.unifi.it\/CMpro-v-p-2312.html\" target=\"_blank\">Universit\u00e0 degli studi di Firenze<\/a><\/li>\n<li><a href=\"http:\/\/www.uniroma1.it\/default_e.php\" target=\"_blank\">Universit\u00e0 di Roma &#8220;La Sapienza&#8221;<\/a><\/li>\n<\/ul>\n<p><strong>Kazakhstan<\/strong><\/p>\n<ul>\n<li><a href=\"http:\/\/www.kaznu.kz\/en\/\" target=\"_blank\">Al-Farabi Kazakh National University<\/a><\/li>\n<\/ul>\n<p><strong>Latvia<\/strong><\/p>\n<ul>\n<li><a href=\"http:\/\/www.rtu.lv\" target=\"_blank\">Riga Technical University<\/a><\/li>\n<\/ul>\n<p><strong>Lithuania<\/strong><\/p>\n<ul>\n<li><a href=\"http:\/\/en.ktu.lt\/\" target=\"_blank\">Kaunas University of Technology<\/a><\/li>\n<li><a href=\"http:\/\/www.vgtu.lt\/en\/\" target=\"_blank\">Vilnius Gediminas Technical University<\/a><\/li>\n<\/ul>\n<p><strong>Macedonia<\/strong><\/p>\n<ul>\n<li><a href=\"http:\/\/www.mf.edu.mk\/en\/\" target=\"_blank\">University &#8220;Sts. Cyril and Methodius&#8221;<\/a><\/li>\n<\/ul>\n<p><strong>Netherlands<\/strong><\/p>\n<ul>\n<li><a href=\"http:\/\/www.international.hva.nl\/\" target=\"_blank\">Amsterdam School of Technology<\/a><\/li>\n<li><a href=\"http:\/\/www.tudelft.nl\/en\/\" target=\"_blank\">Delft University of Technology<\/a><\/li>\n<li><a href=\"http:\/\/fontys.edu\/\" target=\"_blank\">Fontys Hoegenscholen<\/a><\/li>\n<li><a href=\"http:\/\/w3.tue.nl\/en\/\" target=\"_blank\">Technische Universiteit Eindhoven<\/a><\/li>\n<li><a href=\"http:\/\/www.unesco-ihe.org\" target=\"_blank\">UNESCO-IHE Institute for Water Education<\/a><\/li>\n<li><a href=\"http:\/\/www.universiteittwente.nl\/en\" target=\"_blank\">Universiteit Twente<\/a><\/li>\n<\/ul>\n<p><strong>Nigeria<\/strong><\/p>\n<ul>\n<li><a href=\"http:\/\/www.laspotech.net\/\" target=\"_blank\">Lagos State Polytechnic<\/a><\/li>\n<\/ul>\n<p><strong>Norway<\/strong><\/p>\n<ul>\n<li><a href=\"http:\/\/www.ntnu.no\/english\" target=\"_blank\">Norwegian University of Science &amp; Technology<\/a><\/li>\n<\/ul>\n<p><strong>Poland<\/strong><\/p>\n<ul>\n<li><a href=\"http:\/\/www.agh.edu.pl\/en\" target=\"_blank\">AGH University of Science and Technology<\/a><\/li>\n<li><a href=\"http:\/\/www.pg.gda.pl\/en\/\" target=\"_blank\">Gdansk University of Technology<\/a><\/li>\n<li><a href=\"http:\/\/www.tu.kielce.pl\/en\/\" target=\"_blank\">Kielce University of Technology<\/a><\/li>\n<li><a href=\"http:\/\/www.p.lodz.pl\/en\/index.htm\" target=\"_blank\">Politechnika Lodzka<\/a><\/li>\n<li><a href=\"http:\/\/www.put.poznan.pl\/\" target=\"_blank\">Poznan University of Technology<\/a><\/li>\n<li><a href=\"http:\/\/www.polsl.pl\/en\/Strony\/0_welcome.aspx\" target=\"_blank\">Silesian University of Technology<\/a><\/li>\n<li><a href=\"http:\/\/www.wit.edu.pl\/\" target=\"_blank\">University of Information Technology and Management &#8211; WSISiZ<\/a><\/li>\n<li><a href=\"http:\/\/www.wsizia.edu.pl\/\" target=\"_blank\">Warsaw Academy of Computer Science, Management and Administration &#8211; WSIZiA<\/a><\/li>\n<li><a href=\"http:\/\/www.pw.edu.pl\/engpw\" target=\"_blank\">Warsaw University of Technology<\/a><\/li>\n<\/ul>\n<p><strong>Portugal<\/strong><\/p>\n<ul>\n<li><a href=\"http:\/\/www.eng.uminho.pt\/Default.aspx?lang=en-US\" target=\"_blank\">Escola de Engenharia da Universidade do Minho<\/a><\/li>\n<li><a href=\"https:\/\/www.isel.pt\/\" target=\"_blank\">Instituto Superior de Engenharia de Lisboa<\/a><\/li>\n<li><a href=\"http:\/\/www.isep.ipp.pt\/\" target=\"_blank\">Instituto Superior de Engenharia do Porto<\/a><\/li>\n<li><a href=\"http:\/\/www.ips.pt\/ips_si_uk\/web_base.gera_pagina?p_pagina=25207\" target=\"_blank\">Polytechnic Institute of Set\u00fabal <\/a><\/li>\n<li><a href=\"http:\/\/www.ua.pt\/\" target=\"_blank\">Universidade de Aveiro<\/a><\/li>\n<li><a href=\"http:\/\/sigarra.up.pt\/up_uk\/WEB_PAGE.INICIAL\" target=\"_blank\">Universidade do Porto<\/a><\/li>\n<li><a href=\"http:\/\/www.ulusofona.pt\/\" target=\"_blank\">Universidade Lusofona de Humanidades e tecnologias ULHT<\/a><\/li>\n<\/ul>\n<p><strong>Romania<\/strong><\/p>\n<ul>\n<li><a href=\"http:\/\/www.turism.sibiu.ro\/index_en.php\" target=\"_blank\">Lucian Blaga University of Sibiu<\/a><\/li>\n<li><a href=\"http:\/\/www.upb.ro\/en\/\" target=\"_blank\">Polytechnic University of Bucharest<\/a><\/li>\n<li><a href=\"http:\/\/www.utcb.ro\/utcb\/index_en.html\" target=\"_blank\">Technical University of Civil Engineering<\/a><\/li>\n<li><a href=\"http:\/\/www.utcluj.ro\/english\/index.php\" target=\"_blank\">Technical University of Cluj-Napoca<\/a><\/li>\n<\/ul>\n<p><strong>Russia<\/strong><\/p>\n<ul>\n<li><a href=\"http:\/\/ksuae.kgasu.ru\/\" target=\"_blank\">Kazan State University of Architecture and Engineering<\/a><\/li>\n<li><a href=\"http:\/\/www.eltech.ru\/english\/index.htm\" target=\"_blank\">St Petersburg Electrotechnical University<\/a><\/li>\n<li><a href=\"http:\/\/www.tpu.ru\/eng\" target=\"_blank\">Tomsk Polytechnic University<\/a><\/li>\n<\/ul>\n<p><strong>Slovak Republic<\/strong><\/p>\n<ul>\n<li><a href=\"http:\/\/www.stuba.sk\/new\/generate_page.php?page_id=132\" target=\"_blank\">Slovak University of Technology in Bratislava<\/a><\/li>\n<\/ul>\n<p><strong>Spain<\/strong><\/p>\n<ul>\n<li><a href=\"http:\/\/www.uab.es\/english\/\" target=\"_blank\">Escola Tecnica Superior d&#8217;Enginyeria (ETSE)- Universitat Autonoma de Barcelona (UAB)<\/a><\/li>\n<li><a href=\"http:\/\/www.euss.cat\/web\/portal\/en\/home.htm\" target=\"_blank\">Escola Universit\u00e0ria Salesiana de Sarri\u00e0<\/a><\/li>\n<li><a href=\"http:\/\/www.etsii.upv.es\/index-en.php\" target=\"_blank\">Escuela Tecnica Superior de Ingenieros Industriales<\/a><\/li>\n<li><a href=\"http:\/\/www.mondragon.edu\/phs\/view?set_language=en\" target=\"_blank\">Mondragon goi eskola politeknikoa (MGEP)<\/a><\/li>\n<li><a href=\"http:\/\/www.uc3m.es\" target=\"_blank\">Universidad Carlos III<\/a><\/li>\n<li><a href=\"http:\/\/www.upm.es\/portal\/site\/internacional\/\" target=\"_blank\">Universidad Polit\u00e9cnica de Madrid<\/a><\/li>\n<li><a href=\"http:\/\/www.upcomillas.es\/eng\/default.aspx?IdIdioma=ENG\" target=\"_blank\">Universidad Pontificia Comillas<\/a><\/li>\n<li><a href=\"http:\/\/www.uvic.es\/\" target=\"_blank\">Universitat de Vic<\/a><\/li>\n<li><a href=\"http:\/\/www.ice.upc.edu\/\" target=\"_blank\">Universitat Polit\u00e8cnica de Catalunya, ICE-UPC<\/a><\/li>\n<li><a href=\"http:\/\/www.upv.es\/\" target=\"_blank\">Universitat Polit\u00e8cnica de Val\u00e8ncia<\/a><\/li>\n<li><a href=\"http:\/\/www.uca.es\/en\/\" target=\"_blank\">University of C\u00e1diz<\/a><\/li>\n<\/ul>\n<p><strong>Sweden<\/strong><\/p>\n<ul>\n<li><a href=\"http:\/\/www.bth.se\/eng\" target=\"_blank\">Blekinge Institute of Technology<\/a><\/li>\n<li><a href=\"http:\/\/www.chalmers.se\/en\/\" target=\"_blank\">Chalmers University of Technology<\/a><\/li>\n<li><a href=\"http:\/\/www.du.se\/en\" target=\"_blank\">Dalarna University<\/a><\/li>\n<li><a href=\"http:\/\/www.hh.se\/english.5_en.html\" target=\"_blank\">Halmstad University<\/a><\/li>\n<li><a href=\"https:\/\/www.kth.se\/\" target=\"_blank\">KTH Royal Institute of Technology<\/a><\/li>\n<li><a href=\"http:\/\/www.liu.se\/?l=en\" target=\"_blank\">Link\u00f6ping University<\/a><\/li>\n<li><a href=\"http:\/\/www.ltu.se\/?l=en\" target=\"_blank\">Lulea University of Technology<\/a><\/li>\n<li><a href=\"http:\/\/www.lth.se\/english\" target=\"_blank\">Lund University<\/a><\/li>\n<li><a href=\"http:\/\/www.umu.se\/umu\/index_eng.html\" target=\"_blank\">Umea University<\/a><\/li>\n<li><a href=\"http:\/\/www.uu.se\/en\/\" target=\"_blank\">Uppsala Universitet<\/a><\/li>\n<\/ul>\n<p><strong>Switzerland<\/strong><\/p>\n<ul>\n<li><a href=\"http:\/\/www.ntb.ch\/\" target=\"_blank\">Buchs Interstate University of Applied Science<\/a><\/li>\n<li><a href=\"http:\/\/www.epfl.ch\/index.en.html\" target=\"_blank\">Ecole Polytechnique F\u00e9d\u00e9rale de Lausanne<\/a><\/li>\n<li><a href=\"http:\/\/www.ethz.ch\/index_EN\" target=\"_blank\">ETH Zurich<\/a><\/li>\n<li><a href=\"http:\/\/www.fhnw.ch\/homepage?set_language=en\" target=\"_blank\">Fachhochschule Nordwestschweiz<\/a><\/li>\n<li><a href=\"http:\/\/www.supsi.ch\/home_en.html\" target=\"_blank\">University of Applied Sciences of Southern Switzerland (Scuola Universitaria Professionale della Svizzera Italiana)<\/a><\/li>\n<li><a href=\"http:\/\/www.zhaw.ch\/\" target=\"_blank\">Zurich University of Applied Sciences<\/a><\/li>\n<\/ul>\n<p><strong>Turkey<\/strong><\/p>\n<ul>\n<li><a href=\"http:\/\/www.anadolu.edu.tr\/en\" target=\"_blank\">Anadolu University<\/a><\/li>\n<li><a href=\"http:\/\/www.boun.edu.tr\/index_eng.html\" target=\"_blank\">Bogazici University<\/a><\/li>\n<li><a href=\"http:\/\/www.itu.edu.tr\/en\/\" target=\"_blank\">Istanbul Technical University<\/a><\/li>\n<li><a href=\"http:\/\/www.metu.edu.tr\/\" target=\"_blank\">Middle East Technical University<\/a><\/li>\n<\/ul>\n<p><strong>United Kingdom<\/strong><\/p>\n<ul>\n<li><a href=\"http:\/\/www.lboro.ac.uk\/\" target=\"_blank\">Loughborough University of Technology<\/a><\/li>\n<li><a href=\"http:\/\/www.engineering.ucl.ac.uk\" target=\"_blank\">University College London<\/a><\/li>\n<li><a href=\"http:\/\/www.birmingham.ac.uk\" target=\"_blank\">University of Birmingham<\/a><\/li>\n<li><a href=\"http:\/\/www.coventry.ac.uk\/\" target=\"_blank\">University of Coventry<\/a><\/li>\n<li><a href=\"http:\/\/www.gre.ac.uk\/study\/medway\" target=\"_blank\">University of Greenwich at Medway<\/a><\/li>\n<\/ul>\n","protected":false},"excerpt":{"rendered":"<p>SEFI has Member Institutions Around the World It is appropriate to contact the institutional members and let them know about the issue of censorship at a SEFI 2015 conference. \u00a0 It is likely that the deans of engineering and the school administration many be unaware of the censorship issue. Sending a short note letting them &hellip; <a href=\"http:\/\/censoredbysefi.org\/index.php\/sefi-members\/\" class=\"more-link\">Continue reading <span class=\"screen-reader-text\">Take Action- SEFI Members<\/span> <span class=\"meta-nav\">&rarr;<\/span><\/a><\/p>\n","protected":false},"author":1,"featured_media":0,"parent":0,"menu_order":40,"comment_status":"open","ping_status":"open","template":"","meta":{"footnotes":""},"_links":{"self":[{"href":"http:\/\/censoredbysefi.org\/index.php\/wp-json\/wp\/v2\/pages\/61"}],"collection":[{"href":"http:\/\/censoredbysefi.org\/index.php\/wp-json\/wp\/v2\/pages"}],"about":[{"href":"http:\/\/censoredbysefi.org\/index.php\/wp-json\/wp\/v2\/types\/page"}],"author":[{"embeddable":true,"href":"http:\/\/censoredbysefi.org\/index.php\/wp-json\/wp\/v2\/users\/1"}],"replies":[{"embeddable":true,"href":"http:\/\/censoredbysefi.org\/index.php\/wp-json\/wp\/v2\/comments?post=61"}],"version-history":[{"count":9,"href":"http:\/\/censoredbysefi.org\/index.php\/wp-json\/wp\/v2\/pages\/61\/revisions"}],"predecessor-version":[{"id":107,"href":"http:\/\/censoredbysefi.org\/index.php\/wp-json\/wp\/v2\/pages\/61\/revisions\/107"}],"wp:attachment":[{"href":"http:\/\/censoredbysefi.org\/index.php\/wp-json\/wp\/v2\/media?parent=61"}],"curies":[{"name":"wp","href":"https:\/\/api.w.org\/{rel}","templated":true}]}}