{"id":54,"date":"2015-07-02T17:12:22","date_gmt":"2015-07-02T17:12:22","guid":{"rendered":"http:\/\/censoredbysefi.org\/?page_id=54"},"modified":"2016-05-31T11:17:07","modified_gmt":"2016-05-31T11:17:07","slug":"prepared-presentation","status":"publish","type":"page","link":"http:\/\/censoredbysefi.org\/index.php\/prepared-presentation\/","title":{"rendered":"Prepared Presentation"},"content":{"rendered":"<p><strong>Prepared Presentation<\/strong><\/p>\n<p>The following presentation was prepared for SEFI 2015 to explain the paper, \u201cThe World Trade Center Analyses: Case Study of Ethics, Public Policy and the Engineering Profession\u201d\u00a0 (<a href=\"http:\/\/censoredbysefi.org\/wp-content\/uploads\/2015\/07\/54759.pdf\" target=\"_blank\">English version<\/a> or <a href=\"http:\/\/censoredbysefi.org\/wp-content\/uploads\/2015\/07\/54759-French.pdf\" target=\"_blank\">Texte en fran\u00e7ais).<\/a><a href=\"http:\/\/censoredbysefi.org\/wp-content\/uploads\/2015\/07\/SEFI2015_Abstract_Coste_Smith_Korol_Final.pdf\" target=\"_blank\"><br \/>\n<\/a><br \/>\nCette pr\u00e9sentation est en anglais. Si vous souhaitez traduire en fran\u00e7ais (ou une autre langue), contacter wcoste@censoredbysefi.org<\/p>\n<p><iframe loading=\"lazy\" src=\"https:\/\/www.youtube.com\/embed\/UylPLHWDnMQ\" width=\"420\" height=\"315\" frameborder=\"0\" allowfullscreen=\"allowfullscreen\"><\/iframe><\/p>\n","protected":false},"excerpt":{"rendered":"<p>Prepared Presentation The following presentation was prepared for SEFI 2015 to explain the paper, \u201cThe World Trade Center Analyses: Case Study of Ethics, Public Policy and the Engineering Profession\u201d\u00a0 (English version or Texte en fran\u00e7ais). Cette pr\u00e9sentation est en anglais. Si vous souhaitez traduire en fran\u00e7ais (ou une autre langue), contacter wcoste@censoredbysefi.org<\/p>\n","protected":false},"author":1,"featured_media":0,"parent":0,"menu_order":3,"comment_status":"open","ping_status":"open","template":"","meta":{"footnotes":""},"_links":{"self":[{"href":"http:\/\/censoredbysefi.org\/index.php\/wp-json\/wp\/v2\/pages\/54"}],"collection":[{"href":"http:\/\/censoredbysefi.org\/index.php\/wp-json\/wp\/v2\/pages"}],"about":[{"href":"http:\/\/censoredbysefi.org\/index.php\/wp-json\/wp\/v2\/types\/page"}],"author":[{"embeddable":true,"href":"http:\/\/censoredbysefi.org\/index.php\/wp-json\/wp\/v2\/users\/1"}],"replies":[{"embeddable":true,"href":"http:\/\/censoredbysefi.org\/index.php\/wp-json\/wp\/v2\/comments?post=54"}],"version-history":[{"count":5,"href":"http:\/\/censoredbysefi.org\/index.php\/wp-json\/wp\/v2\/pages\/54\/revisions"}],"predecessor-version":[{"id":71,"href":"http:\/\/censoredbysefi.org\/index.php\/wp-json\/wp\/v2\/pages\/54\/revisions\/71"}],"wp:attachment":[{"href":"http:\/\/censoredbysefi.org\/index.php\/wp-json\/wp\/v2\/media?parent=54"}],"curies":[{"name":"wp","href":"https:\/\/api.w.org\/{rel}","templated":true}]}}